{"id":23,"date":"2023-06-10T09:59:03","date_gmt":"2023-06-10T09:59:03","guid":{"rendered":"https:\/\/lamurallarestaurante.es\/tienda\/?page_id=23"},"modified":"2023-06-10T09:59:03","modified_gmt":"2023-06-10T09:59:03","slug":"aviso-legal","status":"publish","type":"page","link":"https:\/\/lamurallarestaurante.es\/tienda\/aviso-legal\/","title":{"rendered":"Aviso Legal"},"content":{"rendered":"<p style=\"text-align: justify;\"><em><strong>CONDE RODRIGO S.A. con CIF: A-37021516 y domicilio social en: huerta de las Vi\u00f1as S\/N.<\/strong><\/em> Para m\u00e1s informaci\u00f3n puede contactar en el t<em><strong>el\u00e9fono 923.46.1.04<\/strong><\/em> o en el correo electr\u00f3nico: <a href=\"mailto:info2@conderodrigo.com\" target=\"_blank\" rel=\"noopener\"><strong>info2@conderodrigo.com<\/strong><\/a><\/p>\n<h2 style=\"text-align: justify;\">\nCondiciones de uso<\/h2>\n<p style=\"text-align: justify;\">CONDE RODRIGO S.A., ofrece el acceso al sitio web www.conderodrigo.com en las condiciones de uso que se describen a continuaci\u00f3n:<\/p>\n<h2 style=\"text-align: justify;\">\nUsuarios<\/h2>\n<p style=\"text-align: justify;\">El acceso al sitio web www.conderodrigo.com atribuye a quien lo realiza la condici\u00f3n de USUARIO y expresa la aceptaci\u00f3n plena y sin reservas por parte del USUARIO de todas y cada una de las presentes CONDICIONES DE USO, sin perjuicio de las condiciones particulares que sea preciso aplicar en el caso de que el USUARIO desee contratar alguno de los bienes y servicios que se le ofrecen. El sitio www.conderodrigo.com facilita al USUARIO diversa informaci\u00f3n puesta a disposici\u00f3n por CONDE RODRIGO S.A. La prestaci\u00f3n del servicio del website tiene car\u00e1cter gratuito.<\/p>\n<h2 style=\"text-align: justify;\">\nProtecci\u00f3n de datos personales<\/h2>\n<p style=\"text-align: justify;\">CONDE RODRIGO S.A. garantiza la seguridad y confidencialidad de los datos facilitados por cada USUARIO, cumpliendo con lo dispuesto en la Ley Org\u00e1nica 15\/1999, de 13 de Diciembre, de Protecci\u00f3n de Datos de Car\u00e1cter Personal y conforme al compromiso que adquiere al aplicar su Pol\u00edtica de Privacidad<\/p>\n<h2 style=\"text-align: justify;\">\nPropiedad intelectual e industrial<\/h2>\n<p style=\"text-align: justify;\">Los derechos de propiedad intelectual e industrial contenidos en la p\u00e1gina web de www.conderodrigo.com , los nombres comerciales, marcas y dem\u00e1s signos distintivos son titularidad de CONDE RODRIGO, salvo que en las mismas se indique que pertenecen a otro titular. Cualquier reproducci\u00f3n, distribuci\u00f3n, comercializaci\u00f3n o transformaci\u00f3n de los contenidos que no haya sido expresamente autorizada por sus titulares, constituye una infracci\u00f3n de los derechos de propiedad intelectual e industrial protegidos por la Ley.<br \/>\nContenido y uso adecuado<br \/>\nCONDE RODRIGO S.A. garantiza que todos los contenidos y servicios que se ofrecen en www.conderodrigo.com respetan el principio de dignidad de la persona, el principio de no-discriminaci\u00f3n por motivos de raza, sexo, religi\u00f3n, opini\u00f3n, nacionalidad, discapacidad o cualquier otra circunstancia personal y social, as\u00ed como el principio de protecci\u00f3n de la juventud y de la infancia. Asimismo, el USUARIO se compromete a realizar un buen uso de los contenidos y servicios de www.conderodrigo.com , que nunca podr\u00e1n ser utilizados para actividades il\u00edcitas, o que puedan ser contrarias al orden p\u00fablico, la defensa nacional o la salud p\u00fablica. Cualquier utilizaci\u00f3n por parte del USUARIO de los contenidos y servicios habr\u00e1 de respetar los principios indicados en el p\u00e1rrafo anterior.<\/p>\n<h2 style=\"text-align: justify;\">\nEnlaces<\/h2>\n<p style=\"text-align: justify;\">La p\u00e1gina de www.conderodrigo.com puede proporcionar enlaces a otros contenidos que son propiedad de terceros. El \u00fanico objeto de los enlaces es proporcionar al USUARIO la posibilidad de complementar la informaci\u00f3n a trav\u00e9s de dichos enlaces. CONDE RODRIGO S.A. no se<br \/>\nresponsabiliza en ning\u00fan caso de los resultados que puedan derivarse al USUARIO por acceso a dichos enlaces.<\/p>\n<h2 style=\"text-align: justify;\">\nEmpleo de \u201ccookies\u201d<\/h2>\n<p style=\"text-align: justify;\">www.conderodrigo.com utiliza \u00abcookies\u00bb para facilitar la navegaci\u00f3n a trav\u00e9s de sus p\u00e1ginas web, de manera que permiten reconocer al USUARIO REGISTRADO, quien no tendr\u00e1 que volver a registrarse en cada visita, una vez que se ha registrado por primera vez. Una \u00abcookie\u00bb es un peque\u00f1o fichero de datos que se aloja en el ordenador del USUARIO, sin que pueda leer los datos del disco duro del ordenador, ni otras cookies creadas por otros prestadores de servicios. Las \u00abcookies\u00bb permiten personalizar los servicios y los contenidos a la medida de cada USUARIO, as\u00ed como medir la audiencia de las p\u00e1ginas de www.conderodrigo.com . La informaci\u00f3n obtenida a trav\u00e9s de estas \u00abcookies\u00bb es de car\u00e1cter an\u00f3nimo, de forma que no podr\u00e1 ser asociada a ning\u00fan USUARIO, ni permitir\u00e1 identificar su nombre y apellidos. El USUARIO tiene la posibilidad de configurar el navegador de su ordenador de acuerdo a sus necesidades personales, de manera que pueda advertir de la recepci\u00f3n de \u00abcookies\u00bb e impedir la instalaci\u00f3n de las mismas en el disco duro.<\/p>\n<h2 style=\"text-align: justify;\">\nExclusi\u00f3n de garant\u00edas y responsabilidades<\/h2>\n<p style=\"text-align: justify;\">El acceso y la utilizaci\u00f3n de la p\u00e1gina de www.conderodrigo.com se realizar\u00e1n bajo la \u00fanica y exclusiva responsabilidad del USUARIO. CONDE RODRIGO S.A. no garantiza ni se responsabiliza de los da\u00f1os y perjuicios de toda naturaleza que se deban a las siguientes circunstancias: \u2022 La falta de continuidad del funcionamiento de www.conderodrigo.com , as\u00ed como al funcionamiento incorrecto de la p\u00e1gina web. \u2022 La falta de utilidad, adecuaci\u00f3n o validez de los servicios y contenidos que se ofrecen en www.conderodrigo.com respecto a los resultados y expectativas del USUARIO. \u2022 La existencia de virus o programas en el ordenador del USUARIO o por la presencia de virus en los servicios prestados por terceros a trav\u00e9s de www.conderodrigo.com .<\/p>\n<h2 style=\"text-align: justify;\">\nJurisdicci\u00f3n y legislaci\u00f3n aplicable<\/h2>\n<p style=\"text-align: justify;\">Las presentes Condiciones de Uso se regir\u00e1n por lo dispuesto en la legislaci\u00f3n espa\u00f1ola. En el caso de que se produzca cualquier discrepancia o controversia con motivo de la interpretaci\u00f3n o la aplicaci\u00f3n de las presentes Condiciones de Uso o del contenido de la p\u00e1gina Web, en general, CONDE RODRIGO S.A.. y el USUARIO, con renuncia expresa a cualquier otro fuero que pudiera corresponderles, se someten a la jurisdicci\u00f3n de los Juzgados y Tribunales del domicilio del USUARIO. En el supuesto de que el USUARIO tenga su domicilio fuera de Espa\u00f1a, CONDE RODRIGO S.A. y el USUARIO, con renuncia expresa a cualquier otro fuero que pudiera corresponderles, se someten a la jurisdicci\u00f3n de los Juzgados y Tribunales del domicilio social de CONDE RODRIGO S.A.<\/p>\n","protected":false},"excerpt":{"rendered":"<p>CONDE RODRIGO S.A. con CIF: A-37021516 y domicilio social en: huerta de las Vi\u00f1as S\/N. Para m\u00e1s informaci\u00f3n puede contactar en el tel\u00e9fono 923.46.1.04 o en el correo electr\u00f3nico: info2@conderodrigo.com Condiciones de uso CONDE RODRIGO S.A., ofrece el acceso al sitio web www.conderodrigo.com en las condiciones de uso que se describen a continuaci\u00f3n: Usuarios El&hellip;&nbsp;<a href=\"https:\/\/lamurallarestaurante.es\/tienda\/aviso-legal\/\" rel=\"bookmark\">Leer m\u00e1s &raquo;<span class=\"screen-reader-text\">Aviso Legal<\/span><\/a><\/p>\n","protected":false},"author":1,"featured_media":0,"parent":0,"menu_order":0,"comment_status":"closed","ping_status":"closed","template":"","meta":{"neve_meta_sidebar":"","neve_meta_container":"","neve_meta_enable_content_width":"","neve_meta_content_width":0,"neve_meta_title_alignment":"","neve_meta_author_avatar":"","neve_post_elements_order":"","neve_meta_disable_header":"","neve_meta_disable_footer":"","neve_meta_disable_title":"","footnotes":""},"class_list":["post-23","page","type-page","status-publish","hentry"],"yoast_head":"<!-- This site is optimized with the Yoast SEO plugin v27.5 - https:\/\/yoast.com\/product\/yoast-seo-wordpress\/ -->\n<title>Aviso Legal - Restaurante La Muralla - venta online<\/title>\n<meta name=\"robots\" content=\"index, follow, max-snippet:-1, max-image-preview:large, max-video-preview:-1\" \/>\n<link rel=\"canonical\" href=\"https:\/\/lamurallarestaurante.es\/tienda\/aviso-legal\/\" \/>\n<meta property=\"og:locale\" content=\"es_ES\" \/>\n<meta property=\"og:type\" content=\"article\" \/>\n<meta property=\"og:title\" content=\"Aviso Legal - Restaurante La Muralla - venta online\" \/>\n<meta property=\"og:description\" content=\"CONDE RODRIGO S.A. con CIF: A-37021516 y domicilio social en: huerta de las Vi\u00f1as S\/N. Para m\u00e1s informaci\u00f3n puede contactar en el tel\u00e9fono 923.46.1.04 o en el correo electr\u00f3nico: info2@conderodrigo.com Condiciones de uso CONDE RODRIGO S.A., ofrece el acceso al sitio web www.conderodrigo.com en las condiciones de uso que se describen a continuaci\u00f3n: Usuarios El&hellip;&nbsp;Leer m\u00e1s &raquo;Aviso Legal\" \/>\n<meta property=\"og:url\" content=\"https:\/\/lamurallarestaurante.es\/tienda\/aviso-legal\/\" \/>\n<meta property=\"og:site_name\" content=\"Restaurante La Muralla - venta online\" \/>\n<meta property=\"article:publisher\" content=\"https:\/\/www.facebook.com\/lamuralla_restaurante-101915427937034\/\" \/>\n<meta name=\"twitter:card\" content=\"summary_large_image\" \/>\n<meta name=\"twitter:label1\" content=\"Tiempo de lectura\" \/>\n\t<meta name=\"twitter:data1\" content=\"5 minutos\" \/>\n<script type=\"application\/ld+json\" class=\"yoast-schema-graph\">{\"@context\":\"https:\\\/\\\/schema.org\",\"@graph\":[{\"@type\":\"WebPage\",\"@id\":\"https:\\\/\\\/lamurallarestaurante.es\\\/tienda\\\/aviso-legal\\\/\",\"url\":\"https:\\\/\\\/lamurallarestaurante.es\\\/tienda\\\/aviso-legal\\\/\",\"name\":\"Aviso Legal - Restaurante La Muralla - venta online\",\"isPartOf\":{\"@id\":\"https:\\\/\\\/lamurallarestaurante.es\\\/tienda\\\/#website\"},\"datePublished\":\"2023-06-10T09:59:03+00:00\",\"breadcrumb\":{\"@id\":\"https:\\\/\\\/lamurallarestaurante.es\\\/tienda\\\/aviso-legal\\\/#breadcrumb\"},\"inLanguage\":\"es\",\"potentialAction\":[{\"@type\":\"ReadAction\",\"target\":[\"https:\\\/\\\/lamurallarestaurante.es\\\/tienda\\\/aviso-legal\\\/\"]}]},{\"@type\":\"BreadcrumbList\",\"@id\":\"https:\\\/\\\/lamurallarestaurante.es\\\/tienda\\\/aviso-legal\\\/#breadcrumb\",\"itemListElement\":[{\"@type\":\"ListItem\",\"position\":1,\"name\":\"Portada\",\"item\":\"https:\\\/\\\/lamurallarestaurante.es\\\/tienda\\\/\"},{\"@type\":\"ListItem\",\"position\":2,\"name\":\"Aviso Legal\"}]},{\"@type\":\"WebSite\",\"@id\":\"https:\\\/\\\/lamurallarestaurante.es\\\/tienda\\\/#website\",\"url\":\"https:\\\/\\\/lamurallarestaurante.es\\\/tienda\\\/\",\"name\":\"Restaurante La Muralla - venta online\",\"description\":\"Compre tarjetas regalo para nuestro asador\",\"publisher\":{\"@id\":\"https:\\\/\\\/lamurallarestaurante.es\\\/tienda\\\/#organization\"},\"potentialAction\":[{\"@type\":\"SearchAction\",\"target\":{\"@type\":\"EntryPoint\",\"urlTemplate\":\"https:\\\/\\\/lamurallarestaurante.es\\\/tienda\\\/?s={search_term_string}\"},\"query-input\":{\"@type\":\"PropertyValueSpecification\",\"valueRequired\":true,\"valueName\":\"search_term_string\"}}],\"inLanguage\":\"es\"},{\"@type\":\"Organization\",\"@id\":\"https:\\\/\\\/lamurallarestaurante.es\\\/tienda\\\/#organization\",\"name\":\"Restaurante La Muralla - venta online\",\"url\":\"https:\\\/\\\/lamurallarestaurante.es\\\/tienda\\\/\",\"logo\":{\"@type\":\"ImageObject\",\"inLanguage\":\"es\",\"@id\":\"https:\\\/\\\/lamurallarestaurante.es\\\/tienda\\\/#\\\/schema\\\/logo\\\/image\\\/\",\"url\":\"https:\\\/\\\/lamurallarestaurante.es\\\/tienda\\\/wp-content\\\/uploads\\\/2023\\\/06\\\/cropped-logo-LaMuralla-neg-horiz-600x115-1.png\",\"contentUrl\":\"https:\\\/\\\/lamurallarestaurante.es\\\/tienda\\\/wp-content\\\/uploads\\\/2023\\\/06\\\/cropped-logo-LaMuralla-neg-horiz-600x115-1.png\",\"width\":782,\"height\":150,\"caption\":\"Restaurante La Muralla - venta online\"},\"image\":{\"@id\":\"https:\\\/\\\/lamurallarestaurante.es\\\/tienda\\\/#\\\/schema\\\/logo\\\/image\\\/\"},\"sameAs\":[\"https:\\\/\\\/www.facebook.com\\\/lamuralla_restaurante-101915427937034\\\/\",\"https:\\\/\\\/www.instagram.com\\\/lamuralla_restaurante\\\/\"]}]}<\/script>\n<!-- \/ Yoast SEO plugin. -->","yoast_head_json":{"title":"Aviso Legal - Restaurante La Muralla - venta online","robots":{"index":"index","follow":"follow","max-snippet":"max-snippet:-1","max-image-preview":"max-image-preview:large","max-video-preview":"max-video-preview:-1"},"canonical":"https:\/\/lamurallarestaurante.es\/tienda\/aviso-legal\/","og_locale":"es_ES","og_type":"article","og_title":"Aviso Legal - Restaurante La Muralla - venta online","og_description":"CONDE RODRIGO S.A. con CIF: A-37021516 y domicilio social en: huerta de las Vi\u00f1as S\/N. Para m\u00e1s informaci\u00f3n puede contactar en el tel\u00e9fono 923.46.1.04 o en el correo electr\u00f3nico: info2@conderodrigo.com Condiciones de uso CONDE RODRIGO S.A., ofrece el acceso al sitio web www.conderodrigo.com en las condiciones de uso que se describen a continuaci\u00f3n: Usuarios El&hellip;&nbsp;Leer m\u00e1s &raquo;Aviso Legal","og_url":"https:\/\/lamurallarestaurante.es\/tienda\/aviso-legal\/","og_site_name":"Restaurante La Muralla - venta online","article_publisher":"https:\/\/www.facebook.com\/lamuralla_restaurante-101915427937034\/","twitter_card":"summary_large_image","twitter_misc":{"Tiempo de lectura":"5 minutos"},"schema":{"@context":"https:\/\/schema.org","@graph":[{"@type":"WebPage","@id":"https:\/\/lamurallarestaurante.es\/tienda\/aviso-legal\/","url":"https:\/\/lamurallarestaurante.es\/tienda\/aviso-legal\/","name":"Aviso Legal - Restaurante La Muralla - venta online","isPartOf":{"@id":"https:\/\/lamurallarestaurante.es\/tienda\/#website"},"datePublished":"2023-06-10T09:59:03+00:00","breadcrumb":{"@id":"https:\/\/lamurallarestaurante.es\/tienda\/aviso-legal\/#breadcrumb"},"inLanguage":"es","potentialAction":[{"@type":"ReadAction","target":["https:\/\/lamurallarestaurante.es\/tienda\/aviso-legal\/"]}]},{"@type":"BreadcrumbList","@id":"https:\/\/lamurallarestaurante.es\/tienda\/aviso-legal\/#breadcrumb","itemListElement":[{"@type":"ListItem","position":1,"name":"Portada","item":"https:\/\/lamurallarestaurante.es\/tienda\/"},{"@type":"ListItem","position":2,"name":"Aviso Legal"}]},{"@type":"WebSite","@id":"https:\/\/lamurallarestaurante.es\/tienda\/#website","url":"https:\/\/lamurallarestaurante.es\/tienda\/","name":"Restaurante La Muralla - venta online","description":"Compre tarjetas regalo para nuestro asador","publisher":{"@id":"https:\/\/lamurallarestaurante.es\/tienda\/#organization"},"potentialAction":[{"@type":"SearchAction","target":{"@type":"EntryPoint","urlTemplate":"https:\/\/lamurallarestaurante.es\/tienda\/?s={search_term_string}"},"query-input":{"@type":"PropertyValueSpecification","valueRequired":true,"valueName":"search_term_string"}}],"inLanguage":"es"},{"@type":"Organization","@id":"https:\/\/lamurallarestaurante.es\/tienda\/#organization","name":"Restaurante La Muralla - venta online","url":"https:\/\/lamurallarestaurante.es\/tienda\/","logo":{"@type":"ImageObject","inLanguage":"es","@id":"https:\/\/lamurallarestaurante.es\/tienda\/#\/schema\/logo\/image\/","url":"https:\/\/lamurallarestaurante.es\/tienda\/wp-content\/uploads\/2023\/06\/cropped-logo-LaMuralla-neg-horiz-600x115-1.png","contentUrl":"https:\/\/lamurallarestaurante.es\/tienda\/wp-content\/uploads\/2023\/06\/cropped-logo-LaMuralla-neg-horiz-600x115-1.png","width":782,"height":150,"caption":"Restaurante La Muralla - venta online"},"image":{"@id":"https:\/\/lamurallarestaurante.es\/tienda\/#\/schema\/logo\/image\/"},"sameAs":["https:\/\/www.facebook.com\/lamuralla_restaurante-101915427937034\/","https:\/\/www.instagram.com\/lamuralla_restaurante\/"]}]}},"_links":{"self":[{"href":"https:\/\/lamurallarestaurante.es\/tienda\/wp-json\/wp\/v2\/pages\/23","targetHints":{"allow":["GET"]}}],"collection":[{"href":"https:\/\/lamurallarestaurante.es\/tienda\/wp-json\/wp\/v2\/pages"}],"about":[{"href":"https:\/\/lamurallarestaurante.es\/tienda\/wp-json\/wp\/v2\/types\/page"}],"author":[{"embeddable":true,"href":"https:\/\/lamurallarestaurante.es\/tienda\/wp-json\/wp\/v2\/users\/1"}],"replies":[{"embeddable":true,"href":"https:\/\/lamurallarestaurante.es\/tienda\/wp-json\/wp\/v2\/comments?post=23"}],"version-history":[{"count":1,"href":"https:\/\/lamurallarestaurante.es\/tienda\/wp-json\/wp\/v2\/pages\/23\/revisions"}],"predecessor-version":[{"id":24,"href":"https:\/\/lamurallarestaurante.es\/tienda\/wp-json\/wp\/v2\/pages\/23\/revisions\/24"}],"wp:attachment":[{"href":"https:\/\/lamurallarestaurante.es\/tienda\/wp-json\/wp\/v2\/media?parent=23"}],"curies":[{"name":"wp","href":"https:\/\/api.w.org\/{rel}","templated":true}]}}