{"id":52,"date":"2023-06-10T10:32:35","date_gmt":"2023-06-10T10:32:35","guid":{"rendered":"https:\/\/lamurallarestaurante.es\/tienda\/?page_id=52"},"modified":"2023-06-10T11:26:28","modified_gmt":"2023-06-10T11:26:28","slug":"declaracion-de-accesibilidad","status":"publish","type":"page","link":"https:\/\/lamurallarestaurante.es\/tienda\/declaracion-de-accesibilidad\/","title":{"rendered":"Declaraci\u00f3n de Accesibilidad"},"content":{"rendered":"<p>Actualizado: 21\/06\/2023<\/p>\n<p>El Restaurante Asador La Muralla, se compromete en hacer accesible su sitio web de conformidad con el <a href=\"https:\/\/www.boe.es\/buscar\/act.php?id=BOE-A-2018-12699\" target=\"_blank\" rel=\"noopener\"><span style=\"color: #a66d3f;\">Real Decreto 1112\/2018<\/span><\/a>, sobre accesibilidad de los sitios webs y aplicaciones para dispositivos m\u00f3viles del sector p\u00fablico.<\/p>\n<p>La presente declaraci\u00f3n de accesibilidad se aplica al sitio web<span style=\"color: #a66d3f;\"> <span style=\"text-decoration: underline;\"><a style=\"color: #a66d3f; text-decoration: underline;\" href=\"https:\/\/lamurallarestaurante.es\/tienda\" target=\"_blank\" rel=\"noopener\">https:\/\/lamurallarestaurante.es\/tienda<\/a><\/span>.<\/span><\/p>\n<p>&nbsp;<\/p>\n<h3><strong>Situaci\u00f3n de cumplimiento<\/strong><\/h3>\n<p>Este sitio web es parcialmente conforme con el <span style=\"text-decoration: underline;\"><a href=\"https:\/\/www.boe.es\/buscar\/act.php?id=BOE-A-2018-12699\" target=\"_blank\" rel=\"noopener\"><span style=\"color: #a66d3f; text-decoration: underline;\">RD 1112\/2018<\/span><\/a><\/span> debido a la falta de conformidad de los aspectos que se indican a continuaci\u00f3n.<\/p>\n<p>&nbsp;<\/p>\n<h3><strong>Contenido no accesible:<\/strong><\/h3>\n<p>El contenido que se recoge a continuaci\u00f3n no es accesible por lo siguiente:<\/p>\n<ul>\n<li>falta de conformidad con el RD 1112\/2018\n<ul>\n<li>Se pueden encontrar im\u00e1genes sin que acompa\u00f1e texto explicativo.<\/li>\n<li>Se puede encontrar a\u00fan anidamientos incorrectos de etiquetas.<\/li>\n<\/ul>\n<\/li>\n<li style=\"list-style-type: none;\">\n<ul>\n<li>Podr\u00edan existir fallos puntuales de edici\u00f3n en alguna p\u00e1gina web.<\/li>\n<\/ul>\n<\/li>\n<\/ul>\n<ul>\n<li>carga desproporcionada\n<ul>\n<li>No aplica.<\/li>\n<\/ul>\n<\/li>\n<li>el contenido no entra dentro del \u00e1mbito de la legislaci\u00f3n aplicable\n<ul>\n<li>Existen archivos ofim\u00e1ticos en PDF que no cumplan en su totalidad todos los requisitos de accesibilidad.<\/li>\n<li>Contenidos multimedia en directo.<\/li>\n<li>Contenido multimedia pregrabado, o publicado antes de la entrada en vigor del Real Decreto<\/li>\n<\/ul>\n<\/li>\n<\/ul>\n<p>&nbsp;<\/p>\n<h3><strong>Preparaci\u00f3n de la presente declaraci\u00f3n de accesibilidad:<\/strong><\/h3>\n<p>La presente declaraci\u00f3n fue preparada el 29 de mayo de 2023.<\/p>\n<p>El m\u00e9todo empleado para la presente declaraci\u00f3n ha sido una autoevaluaci\u00f3n realizada por la propia Empresa con el soporte de la <span style=\"text-decoration: underline; color: #a66d3f;\"><a style=\"color: #a66d3f;\" href=\"https:\/\/herramienta-ira.administracionelectronica.gob.es\/#!\/\" target=\"_blank\" rel=\"noopener\">Herramienta IRA (Informe de Revisi\u00f3n de Accesibilidad) del Observatorio de Accesibilidad<\/a>.<\/span><\/p>\n<p>\u00daltima revisi\u00f3n de la declaraci\u00f3n: 30 de mayo de 2023.<\/p>\n<p>&nbsp;<\/p>\n<h3><strong>Observaciones y datos de contacto:<\/strong><\/h3>\n<p>Puede realizar comunicaciones sobre requisitos de accesibilidad (art\u00edculo 10.2.a) del RD 1112\/2018) como por ejemplo:<\/p>\n<ol>\n<li>Informar sobre cualquier posible incumplimiento por parte de este sitio web.<\/li>\n<li>Transmitir otras dificultades de acceso al contenido<\/li>\n<li>Formular cualquier otra consulta o sugerencia de mejora relativa a la accesibilidad del sitio web<\/li>\n<\/ol>\n<p>A trav\u00e9s de nuestro <span style=\"color: #a66d3f;\"><a style=\"color: #a66d3f;\" href=\"https:\/\/lamurallarestaurante.es\/tienda\/contactar\/\" target=\"_blank\" rel=\"noopener\"><span style=\"text-decoration: underline;\">formulario de contacto<\/span><\/a><\/span>, o de manera presencial en nuestra sede: Huerta de las Vi\u00f1as S\/N. &#8211; 37500 Ciudad Rodrigo, Salamanca. \u00a0Indicando en el Asunto: \u00abAccesibilidad Web\u00bb<\/p>\n<p>Las comunicaciones ser\u00e1n recibidas y tratadas por el equipo de Accesibilidad.<\/p>\n<p>&nbsp;<\/p>\n<h3><strong>Contenido opcional<\/strong><\/h3>\n<p>En esta web se han adoptado una serie de medidas cuyo objetivo es mejorar la accesibilidad.<\/p>\n<p>Las ventajas que esto conlleva son, entre otras:<\/p>\n<ol>\n<li>Facilitar el acceso de las personas independientemente de su condici\u00f3n f\u00edsica o de su entorno.<\/li>\n<li>Incluir contenidos claros y bien estructurados.<\/li>\n<li>Mejorar la navegaci\u00f3n y la experiencia del usuario.<\/li>\n<\/ol>\n<p>&nbsp;<\/p>\n<p><strong><u>Entre las medidas adoptadas:<\/u><\/strong><\/p>\n<p>Se ha dise\u00f1ado adapt\u00e1ndose a los est\u00e1ndares y normativas vigentes en relaci\u00f3n a la accesibilidad, cumpliendo con los puntos de verificaci\u00f3n de prioridad 2 (AA) definidos en la especificaci\u00f3n de Pautas de Accesibilidad al Contenido en la Web (WCAG 2.1).<\/p>\n<p>Est\u00e1 optimizado para las \u00faltimas versiones vigentes de Chrome, Edge, Firefox, Safari y Opera.<\/p>\n<p>Est\u00e1 dise\u00f1ado para su correcta visualizaci\u00f3n en cualquier resoluci\u00f3n y dispositivo de escritorio, tabletas o m\u00f3viles (dise\u00f1o responsive).<\/p>\n<p>Se ha realizado utilizando HTML \u00a0como lenguaje de marcado y hojas de estilo CSS para su dise\u00f1o.<\/p>\n<p>Utilizaci\u00f3n de texto alternativo en las im\u00e1genes.<\/p>\n<p>Los enlaces ofrecen detalles de la funci\u00f3n o destino del hiperv\u00ednculo.<\/p>\n<p>Se ha utilizado \u201cmigas de pan\u201d , peque\u00f1as rutas de texto, que permite que el usuario conozca la ruta de su ubicaci\u00f3n en directorios y subdirectorios, y navegue a trav\u00e9s de ella.<\/p>\n<p>Uso de los est\u00e1ndares del W3C: XHTML 1.0, CSS 3.0, WAI AA.<\/p>\n<p><strong><br \/>\n<span style=\"text-decoration: underline;\">Bot\u00f3n lateral derecho de Accesibilidad<\/span><\/strong><\/p>\n<p>En todas las p\u00e1ginas de la web, cuentan con un bot\u00f3n en el lateral derecho con s\u00edmbolo de accesibilidad, que cuando pinchamos en el se abre un \u00abpop up\u00bb con las diferentes opciones de accesibilidad visual que pueden afectar a la p\u00e1gina web.<\/p>\n<p>&nbsp;<\/p>\n","protected":false},"excerpt":{"rendered":"<p>Actualizado: 21\/06\/2023 El Restaurante Asador La Muralla, se compromete en hacer accesible su sitio web de conformidad con el Real Decreto 1112\/2018, sobre accesibilidad de los sitios webs y aplicaciones para dispositivos m\u00f3viles del sector p\u00fablico. La presente declaraci\u00f3n de accesibilidad se aplica al sitio web https:\/\/lamurallarestaurante.es\/tienda. &nbsp; Situaci\u00f3n de cumplimiento Este sitio web es&hellip;&nbsp;<a href=\"https:\/\/lamurallarestaurante.es\/tienda\/declaracion-de-accesibilidad\/\" rel=\"bookmark\">Leer m\u00e1s &raquo;<span class=\"screen-reader-text\">Declaraci\u00f3n de Accesibilidad<\/span><\/a><\/p>\n","protected":false},"author":1,"featured_media":0,"parent":0,"menu_order":0,"comment_status":"closed","ping_status":"closed","template":"","meta":{"neve_meta_sidebar":"","neve_meta_container":"","neve_meta_enable_content_width":"","neve_meta_content_width":0,"neve_meta_title_alignment":"","neve_meta_author_avatar":"","neve_post_elements_order":"","neve_meta_disable_header":"","neve_meta_disable_footer":"","neve_meta_disable_title":"","footnotes":""},"class_list":["post-52","page","type-page","status-publish","hentry"],"yoast_head":"<!-- This site is optimized with the Yoast SEO plugin v27.3 - https:\/\/yoast.com\/product\/yoast-seo-wordpress\/ -->\n<title>Declaraci\u00f3n de Accesibilidad - Restaurante La Muralla - venta online<\/title>\n<meta name=\"robots\" content=\"index, follow, max-snippet:-1, max-image-preview:large, max-video-preview:-1\" \/>\n<link rel=\"canonical\" href=\"https:\/\/lamurallarestaurante.es\/tienda\/declaracion-de-accesibilidad\/\" \/>\n<meta property=\"og:locale\" content=\"es_ES\" \/>\n<meta property=\"og:type\" content=\"article\" \/>\n<meta property=\"og:title\" content=\"Declaraci\u00f3n de Accesibilidad - Restaurante La Muralla - venta online\" \/>\n<meta property=\"og:description\" content=\"Actualizado: 21\/06\/2023 El Restaurante Asador La Muralla, se compromete en hacer accesible su sitio web de conformidad con el Real Decreto 1112\/2018, sobre accesibilidad de los sitios webs y aplicaciones para dispositivos m\u00f3viles del sector p\u00fablico. La presente declaraci\u00f3n de accesibilidad se aplica al sitio web https:\/\/lamurallarestaurante.es\/tienda. &nbsp; Situaci\u00f3n de cumplimiento Este sitio web es&hellip;&nbsp;Leer m\u00e1s &raquo;Declaraci\u00f3n de Accesibilidad\" \/>\n<meta property=\"og:url\" content=\"https:\/\/lamurallarestaurante.es\/tienda\/declaracion-de-accesibilidad\/\" \/>\n<meta property=\"og:site_name\" content=\"Restaurante La Muralla - venta online\" \/>\n<meta property=\"article:publisher\" content=\"https:\/\/www.facebook.com\/lamuralla_restaurante-101915427937034\/\" \/>\n<meta property=\"article:modified_time\" content=\"2023-06-10T11:26:28+00:00\" \/>\n<meta name=\"twitter:card\" content=\"summary_large_image\" \/>\n<meta name=\"twitter:label1\" content=\"Tiempo de lectura\" \/>\n\t<meta name=\"twitter:data1\" content=\"3 minutos\" \/>\n<script type=\"application\/ld+json\" class=\"yoast-schema-graph\">{\"@context\":\"https:\\\/\\\/schema.org\",\"@graph\":[{\"@type\":\"WebPage\",\"@id\":\"https:\\\/\\\/lamurallarestaurante.es\\\/tienda\\\/declaracion-de-accesibilidad\\\/\",\"url\":\"https:\\\/\\\/lamurallarestaurante.es\\\/tienda\\\/declaracion-de-accesibilidad\\\/\",\"name\":\"Declaraci\u00f3n de Accesibilidad - Restaurante La Muralla - venta online\",\"isPartOf\":{\"@id\":\"https:\\\/\\\/lamurallarestaurante.es\\\/tienda\\\/#website\"},\"datePublished\":\"2023-06-10T10:32:35+00:00\",\"dateModified\":\"2023-06-10T11:26:28+00:00\",\"breadcrumb\":{\"@id\":\"https:\\\/\\\/lamurallarestaurante.es\\\/tienda\\\/declaracion-de-accesibilidad\\\/#breadcrumb\"},\"inLanguage\":\"es\",\"potentialAction\":[{\"@type\":\"ReadAction\",\"target\":[\"https:\\\/\\\/lamurallarestaurante.es\\\/tienda\\\/declaracion-de-accesibilidad\\\/\"]}]},{\"@type\":\"BreadcrumbList\",\"@id\":\"https:\\\/\\\/lamurallarestaurante.es\\\/tienda\\\/declaracion-de-accesibilidad\\\/#breadcrumb\",\"itemListElement\":[{\"@type\":\"ListItem\",\"position\":1,\"name\":\"Portada\",\"item\":\"https:\\\/\\\/lamurallarestaurante.es\\\/tienda\\\/\"},{\"@type\":\"ListItem\",\"position\":2,\"name\":\"Declaraci\u00f3n de Accesibilidad\"}]},{\"@type\":\"WebSite\",\"@id\":\"https:\\\/\\\/lamurallarestaurante.es\\\/tienda\\\/#website\",\"url\":\"https:\\\/\\\/lamurallarestaurante.es\\\/tienda\\\/\",\"name\":\"Restaurante La Muralla - venta online\",\"description\":\"Compre tarjetas regalo para nuestro asador\",\"publisher\":{\"@id\":\"https:\\\/\\\/lamurallarestaurante.es\\\/tienda\\\/#organization\"},\"potentialAction\":[{\"@type\":\"SearchAction\",\"target\":{\"@type\":\"EntryPoint\",\"urlTemplate\":\"https:\\\/\\\/lamurallarestaurante.es\\\/tienda\\\/?s={search_term_string}\"},\"query-input\":{\"@type\":\"PropertyValueSpecification\",\"valueRequired\":true,\"valueName\":\"search_term_string\"}}],\"inLanguage\":\"es\"},{\"@type\":\"Organization\",\"@id\":\"https:\\\/\\\/lamurallarestaurante.es\\\/tienda\\\/#organization\",\"name\":\"Restaurante La Muralla - venta online\",\"url\":\"https:\\\/\\\/lamurallarestaurante.es\\\/tienda\\\/\",\"logo\":{\"@type\":\"ImageObject\",\"inLanguage\":\"es\",\"@id\":\"https:\\\/\\\/lamurallarestaurante.es\\\/tienda\\\/#\\\/schema\\\/logo\\\/image\\\/\",\"url\":\"https:\\\/\\\/lamurallarestaurante.es\\\/tienda\\\/wp-content\\\/uploads\\\/2023\\\/06\\\/cropped-logo-LaMuralla-neg-horiz-600x115-1.png\",\"contentUrl\":\"https:\\\/\\\/lamurallarestaurante.es\\\/tienda\\\/wp-content\\\/uploads\\\/2023\\\/06\\\/cropped-logo-LaMuralla-neg-horiz-600x115-1.png\",\"width\":782,\"height\":150,\"caption\":\"Restaurante La Muralla - venta online\"},\"image\":{\"@id\":\"https:\\\/\\\/lamurallarestaurante.es\\\/tienda\\\/#\\\/schema\\\/logo\\\/image\\\/\"},\"sameAs\":[\"https:\\\/\\\/www.facebook.com\\\/lamuralla_restaurante-101915427937034\\\/\",\"https:\\\/\\\/www.instagram.com\\\/lamuralla_restaurante\\\/\"]}]}<\/script>\n<!-- \/ Yoast SEO plugin. -->","yoast_head_json":{"title":"Declaraci\u00f3n de Accesibilidad - Restaurante La Muralla - venta online","robots":{"index":"index","follow":"follow","max-snippet":"max-snippet:-1","max-image-preview":"max-image-preview:large","max-video-preview":"max-video-preview:-1"},"canonical":"https:\/\/lamurallarestaurante.es\/tienda\/declaracion-de-accesibilidad\/","og_locale":"es_ES","og_type":"article","og_title":"Declaraci\u00f3n de Accesibilidad - Restaurante La Muralla - venta online","og_description":"Actualizado: 21\/06\/2023 El Restaurante Asador La Muralla, se compromete en hacer accesible su sitio web de conformidad con el Real Decreto 1112\/2018, sobre accesibilidad de los sitios webs y aplicaciones para dispositivos m\u00f3viles del sector p\u00fablico. La presente declaraci\u00f3n de accesibilidad se aplica al sitio web https:\/\/lamurallarestaurante.es\/tienda. &nbsp; Situaci\u00f3n de cumplimiento Este sitio web es&hellip;&nbsp;Leer m\u00e1s &raquo;Declaraci\u00f3n de Accesibilidad","og_url":"https:\/\/lamurallarestaurante.es\/tienda\/declaracion-de-accesibilidad\/","og_site_name":"Restaurante La Muralla - venta online","article_publisher":"https:\/\/www.facebook.com\/lamuralla_restaurante-101915427937034\/","article_modified_time":"2023-06-10T11:26:28+00:00","twitter_card":"summary_large_image","twitter_misc":{"Tiempo de lectura":"3 minutos"},"schema":{"@context":"https:\/\/schema.org","@graph":[{"@type":"WebPage","@id":"https:\/\/lamurallarestaurante.es\/tienda\/declaracion-de-accesibilidad\/","url":"https:\/\/lamurallarestaurante.es\/tienda\/declaracion-de-accesibilidad\/","name":"Declaraci\u00f3n de Accesibilidad - Restaurante La Muralla - venta online","isPartOf":{"@id":"https:\/\/lamurallarestaurante.es\/tienda\/#website"},"datePublished":"2023-06-10T10:32:35+00:00","dateModified":"2023-06-10T11:26:28+00:00","breadcrumb":{"@id":"https:\/\/lamurallarestaurante.es\/tienda\/declaracion-de-accesibilidad\/#breadcrumb"},"inLanguage":"es","potentialAction":[{"@type":"ReadAction","target":["https:\/\/lamurallarestaurante.es\/tienda\/declaracion-de-accesibilidad\/"]}]},{"@type":"BreadcrumbList","@id":"https:\/\/lamurallarestaurante.es\/tienda\/declaracion-de-accesibilidad\/#breadcrumb","itemListElement":[{"@type":"ListItem","position":1,"name":"Portada","item":"https:\/\/lamurallarestaurante.es\/tienda\/"},{"@type":"ListItem","position":2,"name":"Declaraci\u00f3n de Accesibilidad"}]},{"@type":"WebSite","@id":"https:\/\/lamurallarestaurante.es\/tienda\/#website","url":"https:\/\/lamurallarestaurante.es\/tienda\/","name":"Restaurante La Muralla - venta online","description":"Compre tarjetas regalo para nuestro asador","publisher":{"@id":"https:\/\/lamurallarestaurante.es\/tienda\/#organization"},"potentialAction":[{"@type":"SearchAction","target":{"@type":"EntryPoint","urlTemplate":"https:\/\/lamurallarestaurante.es\/tienda\/?s={search_term_string}"},"query-input":{"@type":"PropertyValueSpecification","valueRequired":true,"valueName":"search_term_string"}}],"inLanguage":"es"},{"@type":"Organization","@id":"https:\/\/lamurallarestaurante.es\/tienda\/#organization","name":"Restaurante La Muralla - venta online","url":"https:\/\/lamurallarestaurante.es\/tienda\/","logo":{"@type":"ImageObject","inLanguage":"es","@id":"https:\/\/lamurallarestaurante.es\/tienda\/#\/schema\/logo\/image\/","url":"https:\/\/lamurallarestaurante.es\/tienda\/wp-content\/uploads\/2023\/06\/cropped-logo-LaMuralla-neg-horiz-600x115-1.png","contentUrl":"https:\/\/lamurallarestaurante.es\/tienda\/wp-content\/uploads\/2023\/06\/cropped-logo-LaMuralla-neg-horiz-600x115-1.png","width":782,"height":150,"caption":"Restaurante La Muralla - venta online"},"image":{"@id":"https:\/\/lamurallarestaurante.es\/tienda\/#\/schema\/logo\/image\/"},"sameAs":["https:\/\/www.facebook.com\/lamuralla_restaurante-101915427937034\/","https:\/\/www.instagram.com\/lamuralla_restaurante\/"]}]}},"_links":{"self":[{"href":"https:\/\/lamurallarestaurante.es\/tienda\/wp-json\/wp\/v2\/pages\/52","targetHints":{"allow":["GET"]}}],"collection":[{"href":"https:\/\/lamurallarestaurante.es\/tienda\/wp-json\/wp\/v2\/pages"}],"about":[{"href":"https:\/\/lamurallarestaurante.es\/tienda\/wp-json\/wp\/v2\/types\/page"}],"author":[{"embeddable":true,"href":"https:\/\/lamurallarestaurante.es\/tienda\/wp-json\/wp\/v2\/users\/1"}],"replies":[{"embeddable":true,"href":"https:\/\/lamurallarestaurante.es\/tienda\/wp-json\/wp\/v2\/comments?post=52"}],"version-history":[{"count":4,"href":"https:\/\/lamurallarestaurante.es\/tienda\/wp-json\/wp\/v2\/pages\/52\/revisions"}],"predecessor-version":[{"id":64,"href":"https:\/\/lamurallarestaurante.es\/tienda\/wp-json\/wp\/v2\/pages\/52\/revisions\/64"}],"wp:attachment":[{"href":"https:\/\/lamurallarestaurante.es\/tienda\/wp-json\/wp\/v2\/media?parent=52"}],"curies":[{"name":"wp","href":"https:\/\/api.w.org\/{rel}","templated":true}]}}